{"id":100,"date":"2022-04-12T08:11:13","date_gmt":"2022-04-12T13:11:13","guid":{"rendered":"https:\/\/cmcasociados.pe\/?page_id=100"},"modified":"2022-04-18T11:42:58","modified_gmt":"2022-04-18T16:42:58","slug":"productos-y-servicios","status":"publish","type":"page","link":"https:\/\/cmcasociados.pe\/index.php\/productos-y-servicios\/","title":{"rendered":"Productos y Servicios"},"content":{"rendered":"<div class=\"n2-section-smartslider fitvidsignore  n2_clear\" data-ssid=\"6\" tabindex=\"0\" role=\"region\" aria-label=\"Slider\"><div id=\"n2-ss-6-align\" class=\"n2-ss-align\"><div class=\"n2-padding\"><div id=\"n2-ss-6\" data-creator=\"Smart Slider 3\" data-responsive=\"fullwidth\" class=\"n2-ss-slider n2-ow n2-has-hover n2notransition  \">\n\n\n\n\n\n<div class=\"n2-ss-slider-wrapper-inside\">\n        <div class=\"n2-ss-slider-1 n2_ss__touch_element n2-ow\">\n            <div class=\"n2-ss-slider-2 n2-ow\">\n                                                <div class=\"n2-ss-slider-3 n2-ow\">\n\n                    <div class=\"n2-ss-slide-backgrounds n2-ow-all\"><div class=\"n2-ss-slide-background\" data-public-id=\"1\" data-mode=\"fill\"><div data-color=\"RGBA(206,211,213,0.08)\" style=\"background-color: RGBA(206,211,213,0.08);\" class=\"n2-ss-slide-background-color\" data-overlay=\"1\"><\/div><\/div><div class=\"n2-ss-slide-background\" data-public-id=\"2\" data-mode=\"fill\"><div data-color=\"RGBA(206,211,213,0.08)\" style=\"background-color: RGBA(206,211,213,0.08);\" class=\"n2-ss-slide-background-color\" data-overlay=\"1\"><\/div><\/div><div class=\"n2-ss-slide-background\" data-public-id=\"3\" data-mode=\"fill\"><div data-color=\"RGBA(206,211,213,0.08)\" style=\"background-color: RGBA(206,211,213,0.08);\" class=\"n2-ss-slide-background-color\" data-overlay=\"1\"><\/div><\/div><div class=\"n2-ss-slide-background\" data-public-id=\"4\" data-mode=\"fill\"><div data-color=\"RGBA(206,211,213,0.08)\" style=\"background-color: RGBA(206,211,213,0.08);\" class=\"n2-ss-slide-background-color\" data-overlay=\"1\"><\/div><\/div><div class=\"n2-ss-slide-background\" data-public-id=\"5\" data-mode=\"fill\"><div data-color=\"RGBA(206,211,213,0.08)\" style=\"background-color: RGBA(206,211,213,0.08);\" class=\"n2-ss-slide-background-color\" data-overlay=\"1\"><\/div><\/div><div class=\"n2-ss-slide-background\" data-public-id=\"6\" data-mode=\"fill\"><div data-color=\"RGBA(206,211,213,0.08)\" style=\"background-color: RGBA(206,211,213,0.08);\" class=\"n2-ss-slide-background-color\" data-overlay=\"1\"><\/div><\/div><div class=\"n2-ss-slide-background\" data-public-id=\"7\" data-mode=\"fill\"><div data-color=\"RGBA(206,211,213,0.08)\" style=\"background-color: RGBA(206,211,213,0.08);\" class=\"n2-ss-slide-background-color\" data-overlay=\"1\"><\/div><\/div><\/div>                    <div class=\"n2-ss-slider-4 n2-ow\">\n                        <svg xmlns=\"http:\/\/www.w3.org\/2000\/svg\" viewBox=\"0 0 1300 600\" data-related-device=\"desktopPortrait\" class=\"n2-ow n2-ss-preserve-size n2-ss-preserve-size--slider n2-ss-slide-limiter\"><\/svg><div data-first=\"1\" data-slide-duration=\"0\" data-id=\"22\" data-slide-public-id=\"1\" data-title=\"Slide 1\" data-haslink=\"1\" data-href=\"https:\/\/cmcasociados.pe\/index.php\/2022\/04\/16\/ups-on-line\/\" tabindex=\"0\" role=\"button\" data-n2click=\"url\" data-force-pointer=\"\" class=\"n2-ss-slide n2-ow  n2-ss-slide-22\"><div role=\"note\" class=\"n2-ss-slide--focus\">Slide 1<\/div><div class=\"n2-ss-layers-container n2-ss-slide-limiter n2-ow\"><div class=\"n2-ss-layer n2-ow n-uc-22f9bXxib1Fe\" data-sstype=\"slide\" data-pm=\"default\"><div class=\"n2-ss-layer n2-ow n-uc-19001ef738de1\" data-pm=\"default\" data-sstype=\"content\" data-hasbackground=\"0\"><div class=\"n2-ss-section-main-content n2-ss-layer-with-background n2-ss-layer-content n2-ow n-uc-19001ef738de1-inner\"><div class=\"n2-ss-layer n2-ow n2-ss-layer--block n2-ss-has-self-align n-uc-180f0b0bfd71d\" data-pm=\"normal\" data-sstype=\"row\"><div class=\"n2-ss-layer-row n2-ss-layer-with-background n-uc-180f0b0bfd71d-inner\"><div class=\"n2-ss-layer-row-inner \"><div class=\"n2-ss-layer n2-ow n-uc-1ee0db941a48b\" data-pm=\"default\" data-sstype=\"col\"><div class=\"n2-ss-layer-col n2-ss-layer-with-background n2-ss-layer-content n-uc-1ee0db941a48b-inner\"><div class=\"n2-ss-layer n2-ow n-uc-EY7w8WgNPhj8\" data-pm=\"normal\" data-sstype=\"layer\"><h2 id=\"n2-ss-6item1\" class=\"n2-font-a2f9a77dbbb0937809c464b96e8d7e2e-hover n2-style-98c059151877dc65646e357c1ade3f72-heading   n2-ss-item-content n2-ss-text n2-ow\" style=\"display:block;\">UPS ON LINE<\/h2><\/div><div class=\"n2-ss-layer n2-ow n-uc-pKKJGYunPmrF\" data-pm=\"normal\" data-sstype=\"layer\"><div class=\"n2-ss-item-content n2-ss-text n2-ow-all\"><div class=\"\"><p class=\"n2-font-40e6807c31e4f0b75ba6add82a57050e-paragraph  n2-style-654fb965c533036469fbf99fa08e4336-heading  \">Para Sistemas Cr\u00edticos, de las de diversas potencias, monof\u00e1sicos y trif\u00e1sicos, de las diversas marcas y potencia,.<br \/>\nEn configuraci\u00f3n stand alone y N+1.<\/p>\n<\/div><\/div><\/div><\/div><\/div><div class=\"n2-ss-layer n2-ow n-uc-13116e89e3503\" data-pm=\"default\" data-sstype=\"col\"><div class=\"n2-ss-layer-col n2-ss-layer-with-background n2-ss-layer-content n-uc-13116e89e3503-inner\"><div class=\"n2-ss-layer n2-ow n-uc-Psr7IstRBQge\" data-pm=\"normal\" data-sstype=\"layer\"><div class=\" n2-ss-item-image-content n2-ss-item-content n2-ow-all\"><img decoding=\"async\" loading=\"lazy\" id=\"n2-ss-6item3\" alt=\"\" class=\"skip-lazy\" width=\"850\" height=\"450\" data-skip-lazy=\"1\" src=\"\/\/cmcasociados.pe\/wp-content\/uploads\/2022\/04\/sais-ups-enervia.jpg\" \/><\/div><\/div><\/div><\/div><\/div><\/div><\/div><\/div><\/div><\/div><\/div><\/div><div data-slide-duration=\"0\" data-id=\"27\" data-slide-public-id=\"2\" data-title=\"Slide 1\" data-haslink=\"1\" data-href=\"https:\/\/cmcasociados.pe\/index.php\/2022\/04\/16\/ups-interactivos\/\" tabindex=\"0\" role=\"button\" data-n2click=\"url\" data-force-pointer=\"\" class=\"n2-ss-slide n2-ow  n2-ss-slide-27\"><div role=\"note\" class=\"n2-ss-slide--focus\">Slide 1<\/div><div class=\"n2-ss-layers-container n2-ss-slide-limiter n2-ow\"><div class=\"n2-ss-layer n2-ow n-uc-zT7K3txx1ElG\" data-sstype=\"slide\" data-pm=\"default\"><div class=\"n2-ss-layer n2-ow n-uc-J3TZH9kTbR27\" data-pm=\"default\" data-sstype=\"content\" data-hasbackground=\"0\"><div class=\"n2-ss-section-main-content n2-ss-layer-with-background n2-ss-layer-content n2-ow n-uc-J3TZH9kTbR27-inner\"><div class=\"n2-ss-layer n2-ow n2-ss-layer--block n2-ss-has-self-align n-uc-6XgjdMm1XwOM\" data-pm=\"normal\" data-sstype=\"row\"><div class=\"n2-ss-layer-row n2-ss-layer-with-background n-uc-6XgjdMm1XwOM-inner\"><div class=\"n2-ss-layer-row-inner \"><div class=\"n2-ss-layer n2-ow n-uc-omELq283Yp8V\" data-pm=\"default\" data-sstype=\"col\"><div class=\"n2-ss-layer-col n2-ss-layer-with-background n2-ss-layer-content n-uc-omELq283Yp8V-inner\"><div class=\"n2-ss-layer n2-ow n-uc-jFpIrQkxQl5m\" data-pm=\"normal\" data-sstype=\"layer\"><h2 id=\"n2-ss-6item4\" class=\"n2-font-a2f9a77dbbb0937809c464b96e8d7e2e-hover n2-style-98c059151877dc65646e357c1ade3f72-heading   n2-ss-item-content n2-ss-text n2-ow\" style=\"display:block;\">UPS INTERACTIVOS<\/h2><\/div><div class=\"n2-ss-layer n2-ow n-uc-Nx8AX3P40JM4\" data-pm=\"normal\" data-sstype=\"layer\"><div class=\"n2-ss-item-content n2-ss-text n2-ow-all\"><div class=\"\"><p class=\"n2-font-40e6807c31e4f0b75ba6add82a57050e-paragraph  n2-style-654fb965c533036469fbf99fa08e4336-heading  \">Dise\u00f1ados para ambientes de oficinas, de diferentes potencias y marcas.<br \/>\nSe cuenta con equipos para autonom\u00eda extendida.<\/p>\n<\/div><\/div><\/div><\/div><\/div><div class=\"n2-ss-layer n2-ow n-uc-2AeXOM7d82Uk\" data-pm=\"default\" data-sstype=\"col\"><div class=\"n2-ss-layer-col n2-ss-layer-with-background n2-ss-layer-content n-uc-2AeXOM7d82Uk-inner\"><div class=\"n2-ss-layer n2-ow n-uc-uk7cLRX8k9Dn\" data-pm=\"normal\" data-sstype=\"layer\"><div class=\" n2-ss-item-image-content n2-ss-item-content n2-ow-all\"><img decoding=\"async\" id=\"n2-ss-6item6\" alt=\"\" class=\"skip-lazy\" loading=\"lazy\" width=\"753\" height=\"379\" data-skip-lazy=\"1\" src=\"\/\/cmcasociados.pe\/wp-content\/uploads\/2022\/04\/ups-inteartivo.png\" \/><\/div><\/div><\/div><\/div><\/div><\/div><\/div><\/div><\/div><\/div><\/div><\/div><div data-slide-duration=\"0\" data-id=\"28\" data-slide-public-id=\"3\" data-title=\"Slide 1\" data-haslink=\"1\" data-href=\"https:\/\/cmcasociados.pe\/index.php\/2022\/04\/18\/estabilizadores\/\" tabindex=\"0\" role=\"button\" data-n2click=\"url\" data-force-pointer=\"\" class=\"n2-ss-slide n2-ow  n2-ss-slide-28\"><div role=\"note\" class=\"n2-ss-slide--focus\">Slide 1<\/div><div class=\"n2-ss-layers-container n2-ss-slide-limiter n2-ow\"><div class=\"n2-ss-layer n2-ow n-uc-na7cJud3ZEh1\" data-sstype=\"slide\" data-pm=\"default\"><div class=\"n2-ss-layer n2-ow n-uc-ArezNOFxhLtL\" data-pm=\"default\" data-sstype=\"content\" data-hasbackground=\"0\"><div class=\"n2-ss-section-main-content n2-ss-layer-with-background n2-ss-layer-content n2-ow n-uc-ArezNOFxhLtL-inner\"><div class=\"n2-ss-layer n2-ow n2-ss-layer--block n2-ss-has-self-align n-uc-2RR8ttJyfIs6\" data-pm=\"normal\" data-sstype=\"row\"><div class=\"n2-ss-layer-row n2-ss-layer-with-background n-uc-2RR8ttJyfIs6-inner\"><div class=\"n2-ss-layer-row-inner \"><div class=\"n2-ss-layer n2-ow n-uc-npUZKQbfVHhc\" data-pm=\"default\" data-sstype=\"col\"><div class=\"n2-ss-layer-col n2-ss-layer-with-background n2-ss-layer-content n-uc-npUZKQbfVHhc-inner\"><div class=\"n2-ss-layer n2-ow n-uc-7rvR9uuBjMcC\" data-pm=\"normal\" data-sstype=\"layer\"><h2 id=\"n2-ss-6item7\" class=\"n2-font-a2f9a77dbbb0937809c464b96e8d7e2e-hover n2-style-98c059151877dc65646e357c1ade3f72-heading   n2-ss-item-content n2-ss-text n2-ow\" style=\"display:block;\">ESTABILIZADORES DE VOLTAJE<\/h2><\/div><div class=\"n2-ss-layer n2-ow n-uc-zbEi4af0qzWK\" data-pm=\"normal\" data-sstype=\"layer\"><div class=\"n2-ss-item-content n2-ss-text n2-ow-all\"><div class=\"\"><p class=\"n2-font-40e6807c31e4f0b75ba6add82a57050e-paragraph  n2-style-654fb965c533036469fbf99fa08e4336-heading  \">Estabilizados de diversas potencias:<br \/>\n * Monof\u00e1sicos y trif\u00e1sicos.<br \/>\n * Con o sin transformador a la salida.<br \/>\n * S\u00f3lidos, h\u00edbridos, ferroresonantes.<br \/>\n * Regulaci\u00f3n de salida menor a 5%<\/p>\n<\/div><\/div><\/div><\/div><\/div><div class=\"n2-ss-layer n2-ow n-uc-R1zsTuSWe8zv\" data-pm=\"default\" data-sstype=\"col\"><div class=\"n2-ss-layer-col n2-ss-layer-with-background n2-ss-layer-content n-uc-R1zsTuSWe8zv-inner\"><div class=\"n2-ss-layer n2-ow n-uc-NZW5fbrXK48x\" data-pm=\"normal\" data-sstype=\"layer\"><div class=\" n2-ss-item-image-content n2-ss-item-content n2-ow-all\"><img decoding=\"async\" id=\"n2-ss-6item9\" alt=\"\" class=\"skip-lazy\" loading=\"lazy\" width=\"402\" height=\"257\" data-skip-lazy=\"1\" src=\"\/\/cmcasociados.pe\/wp-content\/uploads\/2022\/04\/estabilizadores01.webp\" \/><\/div><\/div><\/div><\/div><\/div><\/div><\/div><\/div><\/div><\/div><\/div><\/div><div data-slide-duration=\"0\" data-id=\"29\" data-slide-public-id=\"4\" data-title=\"Slide 1\" data-haslink=\"1\" data-href=\"https:\/\/cmcasociados.pe\/index.php\/2022\/04\/18\/transformadores\/\" tabindex=\"0\" role=\"button\" data-n2click=\"url\" data-force-pointer=\"\" class=\"n2-ss-slide n2-ow  n2-ss-slide-29\"><div role=\"note\" class=\"n2-ss-slide--focus\">Slide 1<\/div><div class=\"n2-ss-layers-container n2-ss-slide-limiter n2-ow\"><div class=\"n2-ss-layer n2-ow n-uc-TKpzioC293KX\" data-sstype=\"slide\" data-pm=\"default\"><div class=\"n2-ss-layer n2-ow n-uc-O1cTSpnplD9c\" data-pm=\"default\" data-sstype=\"content\" data-hasbackground=\"0\"><div class=\"n2-ss-section-main-content n2-ss-layer-with-background n2-ss-layer-content n2-ow n-uc-O1cTSpnplD9c-inner\"><div class=\"n2-ss-layer n2-ow n2-ss-layer--block n2-ss-has-self-align n-uc-nshHdqoVfURT\" data-pm=\"normal\" data-sstype=\"row\"><div class=\"n2-ss-layer-row n2-ss-layer-with-background n-uc-nshHdqoVfURT-inner\"><div class=\"n2-ss-layer-row-inner \"><div class=\"n2-ss-layer n2-ow n-uc-EJ2Wxeq5j2yA\" data-pm=\"default\" data-sstype=\"col\"><div class=\"n2-ss-layer-col n2-ss-layer-with-background n2-ss-layer-content n-uc-EJ2Wxeq5j2yA-inner\"><div class=\"n2-ss-layer n2-ow n-uc-NBttfaDIGzdr\" data-pm=\"normal\" data-sstype=\"layer\"><h2 id=\"n2-ss-6item10\" class=\"n2-font-a2f9a77dbbb0937809c464b96e8d7e2e-hover n2-style-98c059151877dc65646e357c1ade3f72-heading   n2-ss-item-content n2-ss-text n2-ow\" style=\"display:block;\">TRANSFORMADORES<\/h2><\/div><div class=\"n2-ss-layer n2-ow n-uc-1xYi4q0lQf7a\" data-pm=\"normal\" data-sstype=\"layer\"><div class=\"n2-ss-item-content n2-ss-text n2-ow-all\"><div class=\"\"><p class=\"n2-font-40e6807c31e4f0b75ba6add82a57050e-paragraph  n2-style-654fb965c533036469fbf99fa08e4336-heading  \">Confiables y del alta eficiencia. Los transformadores de Aislamiento son la primera l\u00ednea de protecci\u00f3n de los equipos de computo, control y procesos, ideales para el sector CONSTRUCCI\u00d3N, INDUSTRIA, MANUFACTURA, MINER\u00cdA, SALUD, IMPRENTA, ARTES GR\u00c1FICAS, TELECOMUNICACIONES, INFORM\u00c1TICA, CENTROS DE COMPUTOS, COMERCIO, URBANO y RURAL.<\/p>\n<\/div><\/div><\/div><\/div><\/div><div class=\"n2-ss-layer n2-ow n-uc-2WAIMOpQNZiR\" data-pm=\"default\" data-sstype=\"col\"><div class=\"n2-ss-layer-col n2-ss-layer-with-background n2-ss-layer-content n-uc-2WAIMOpQNZiR-inner\"><div class=\"n2-ss-layer n2-ow n-uc-BTZZ8M2uMpzj\" data-pm=\"normal\" data-sstype=\"layer\"><div class=\" n2-ss-item-image-content n2-ss-item-content n2-ow-all\"><img decoding=\"async\" id=\"n2-ss-6item12\" alt=\"\" class=\"skip-lazy\" loading=\"lazy\" width=\"700\" height=\"480\" data-skip-lazy=\"1\" src=\"\/\/cmcasociados.pe\/wp-content\/uploads\/2022\/04\/transformadores.webp\" \/><\/div><\/div><\/div><\/div><\/div><\/div><\/div><\/div><\/div><\/div><\/div><\/div><div data-slide-duration=\"0\" data-id=\"32\" data-slide-public-id=\"5\" data-title=\"Slide 1\" data-haslink=\"1\" data-href=\"https:\/\/cmcasociados.pe\/index.php\/2022\/04\/19\/baterias\/\" tabindex=\"0\" role=\"button\" data-n2click=\"url\" data-force-pointer=\"\" class=\"n2-ss-slide n2-ow  n2-ss-slide-32\"><div role=\"note\" class=\"n2-ss-slide--focus\">Slide 1<\/div><div class=\"n2-ss-layers-container n2-ss-slide-limiter n2-ow\"><div class=\"n2-ss-layer n2-ow n-uc-3jnGSm1eSvJb\" data-sstype=\"slide\" data-pm=\"default\"><div class=\"n2-ss-layer n2-ow n-uc-PaaaXu3SmUkk\" data-pm=\"default\" data-sstype=\"content\" data-hasbackground=\"0\"><div class=\"n2-ss-section-main-content n2-ss-layer-with-background n2-ss-layer-content n2-ow n-uc-PaaaXu3SmUkk-inner\"><div class=\"n2-ss-layer n2-ow n2-ss-layer--block n2-ss-has-self-align n-uc-ItMTRkhNv7cN\" data-pm=\"normal\" data-sstype=\"row\"><div class=\"n2-ss-layer-row n2-ss-layer-with-background n-uc-ItMTRkhNv7cN-inner\"><div class=\"n2-ss-layer-row-inner \"><div class=\"n2-ss-layer n2-ow n-uc-v35z13uA9Wbw\" data-pm=\"default\" data-sstype=\"col\"><div class=\"n2-ss-layer-col n2-ss-layer-with-background n2-ss-layer-content n-uc-v35z13uA9Wbw-inner\"><div class=\"n2-ss-layer n2-ow n-uc-R90NHvRRTCZP\" data-pm=\"normal\" data-sstype=\"layer\"><h2 id=\"n2-ss-6item13\" class=\"n2-font-a2f9a77dbbb0937809c464b96e8d7e2e-hover n2-style-98c059151877dc65646e357c1ade3f72-heading   n2-ss-item-content n2-ss-text n2-ow\" style=\"display:block;\">BATER\u00cdAS<\/h2><\/div><div class=\"n2-ss-layer n2-ow n-uc-gyFRoLSyydjJ\" data-pm=\"normal\" data-sstype=\"layer\"><div class=\"n2-ss-item-content n2-ss-text n2-ow-all\"><div class=\"\"><p class=\"n2-font-40e6807c31e4f0b75ba6add82a57050e-paragraph  n2-style-654fb965c533036469fbf99fa08e4336-heading  \">Bater\u00edas VRLA. libre de mantenimiento. de las diversas marcas y capacidades.<br \/>\nIncluye traslado e instalaci\u00f3n a nivel nacional.<br \/>\nContamos con medidores de impedancia.<\/p>\n<\/div><\/div><\/div><\/div><\/div><div class=\"n2-ss-layer n2-ow n-uc-6GkKvy6GZ1dT\" data-pm=\"default\" data-sstype=\"col\"><div class=\"n2-ss-layer-col n2-ss-layer-with-background n2-ss-layer-content n-uc-6GkKvy6GZ1dT-inner\"><div class=\"n2-ss-layer n2-ow n-uc-kUiTZkBCbXp2\" data-pm=\"normal\" data-sstype=\"layer\"><div class=\" n2-ss-item-image-content n2-ss-item-content n2-ow-all\"><img decoding=\"async\" id=\"n2-ss-6item15\" alt=\"\" class=\"skip-lazy\" loading=\"lazy\" width=\"800\" height=\"528\" data-skip-lazy=\"1\" src=\"\/\/cmcasociados.pe\/wp-content\/uploads\/2022\/04\/baterias.webp\" \/><\/div><\/div><\/div><\/div><\/div><\/div><\/div><\/div><\/div><\/div><\/div><\/div><div data-slide-duration=\"0\" data-id=\"30\" data-slide-public-id=\"6\" data-title=\"Slide 1\" data-haslink=\"1\" data-href=\"https:\/\/cmcasociados.pe\/index.php\/2022\/04\/20\/informatica\/\" tabindex=\"0\" role=\"button\" data-n2click=\"url\" data-force-pointer=\"\" class=\"n2-ss-slide n2-ow  n2-ss-slide-30\"><div role=\"note\" class=\"n2-ss-slide--focus\">Slide 1<\/div><div class=\"n2-ss-layers-container n2-ss-slide-limiter n2-ow\"><div class=\"n2-ss-layer n2-ow n-uc-L2mqpHRI3132\" data-sstype=\"slide\" data-pm=\"default\"><div class=\"n2-ss-layer n2-ow n-uc-HRFVvuwIUsRr\" data-pm=\"default\" data-sstype=\"content\" data-hasbackground=\"0\"><div class=\"n2-ss-section-main-content n2-ss-layer-with-background n2-ss-layer-content n2-ow n-uc-HRFVvuwIUsRr-inner\"><div class=\"n2-ss-layer n2-ow n2-ss-layer--block n2-ss-has-self-align n-uc-TUJfDw0uRRXN\" data-pm=\"normal\" data-sstype=\"row\"><div class=\"n2-ss-layer-row n2-ss-layer-with-background n-uc-TUJfDw0uRRXN-inner\"><div class=\"n2-ss-layer-row-inner \"><div class=\"n2-ss-layer n2-ow n-uc-kmyMkPWDQWCC\" data-pm=\"default\" data-sstype=\"col\"><div class=\"n2-ss-layer-col n2-ss-layer-with-background n2-ss-layer-content n-uc-kmyMkPWDQWCC-inner\"><div class=\"n2-ss-layer n2-ow n-uc-5GGoalv3sPiJ\" data-pm=\"normal\" data-sstype=\"layer\"><h2 id=\"n2-ss-6item16\" class=\"n2-font-a2f9a77dbbb0937809c464b96e8d7e2e-hover n2-style-98c059151877dc65646e357c1ade3f72-heading   n2-ss-item-content n2-ss-text n2-ow\" style=\"display:block;\">INFORMATICA<\/h2><\/div><div class=\"n2-ss-layer n2-ow n-uc-dlUeNRlt7WUz\" data-pm=\"normal\" data-sstype=\"layer\"><div class=\"n2-ss-item-content n2-ss-text n2-ow-all\"><div class=\"\"><p class=\"n2-font-40e6807c31e4f0b75ba6add82a57050e-paragraph  n2-style-654fb965c533036469fbf99fa08e4336-heading  \">Ventas y Post Venta de equipos  inform\u00e1ticos, de diversas marcas.<br \/>\n * Pc&#8217;s, estaciones de trabajos, port\u00e1tiles, impresoras, proyectores.<br \/>\n * C\u00e1maras de vigilancia.<\/p>\n<\/div><\/div><\/div><\/div><\/div><div class=\"n2-ss-layer n2-ow n-uc-SIG6OCLapGUN\" data-pm=\"default\" data-sstype=\"col\"><div class=\"n2-ss-layer-col n2-ss-layer-with-background n2-ss-layer-content n-uc-SIG6OCLapGUN-inner\"><div class=\"n2-ss-layer n2-ow n-uc-W0ORBnKouO6G\" data-pm=\"normal\" data-sstype=\"layer\"><div class=\" n2-ss-item-image-content n2-ss-item-content n2-ow-all\"><img decoding=\"async\" id=\"n2-ss-6item18\" alt=\"\" class=\"skip-lazy\" loading=\"lazy\" width=\"300\" height=\"213\" data-skip-lazy=\"1\" src=\"\/\/cmcasociados.pe\/wp-content\/uploads\/2022\/04\/ECOMPUTO.jpg\" \/><\/div><\/div><\/div><\/div><\/div><\/div><\/div><\/div><\/div><\/div><\/div><\/div><div data-slide-duration=\"0\" data-id=\"31\" data-slide-public-id=\"7\" data-title=\"Slide 1\" class=\"n2-ss-slide n2-ow  n2-ss-slide-31\"><div role=\"note\" class=\"n2-ss-slide--focus\" tabindex=\"-1\">Slide 1<\/div><div class=\"n2-ss-layers-container n2-ss-slide-limiter n2-ow\"><div class=\"n2-ss-layer n2-ow n-uc-p93EyEgpyKth\" data-sstype=\"slide\" data-pm=\"default\"><div class=\"n2-ss-layer n2-ow n-uc-9A5s7lhetoQc\" data-pm=\"default\" data-sstype=\"content\" data-hasbackground=\"0\"><div class=\"n2-ss-section-main-content n2-ss-layer-with-background n2-ss-layer-content n2-ow n-uc-9A5s7lhetoQc-inner\"><div class=\"n2-ss-layer n2-ow n2-ss-layer--block n2-ss-has-self-align n-uc-EMvQBeK3tzXx\" data-pm=\"normal\" data-sstype=\"row\"><div class=\"n2-ss-layer-row n2-ss-layer-with-background n-uc-EMvQBeK3tzXx-inner\"><div class=\"n2-ss-layer-row-inner \"><div class=\"n2-ss-layer n2-ow n-uc-g1L48Pzb3gqJ\" data-pm=\"default\" data-sstype=\"col\"><div class=\"n2-ss-layer-col n2-ss-layer-with-background n2-ss-layer-content n-uc-g1L48Pzb3gqJ-inner\"><div class=\"n2-ss-layer n2-ow n-uc-ffiEFCH8HdL7\" data-pm=\"normal\" data-sstype=\"layer\"><h2 id=\"n2-ss-6item19\" class=\"n2-font-a2f9a77dbbb0937809c464b96e8d7e2e-hover n2-style-98c059151877dc65646e357c1ade3f72-heading   n2-ss-item-content n2-ss-text n2-ow\" style=\"display:block;\">SOPORTE TECNICO<\/h2><\/div><div class=\"n2-ss-layer n2-ow n-uc-uZw3QD3ehvCm\" data-pm=\"normal\" data-sstype=\"layer\"><div class=\"n2-ss-item-content n2-ss-text n2-ow-all\"><div class=\"\"><p class=\"n2-font-40e6807c31e4f0b75ba6add82a57050e-paragraph  n2-style-654fb965c533036469fbf99fa08e4336-heading  \">Asistencia t\u00e9cnica en forma directa a nuestros clientes a nivel nacional, con tiempos de respuesta de acuerdo a las necesidades del cliente.<br \/>\nContamos con niveles de asistencias, que incluye la asistencia del fabricante y\/o distribuidor autorizado local, de las marcas que comercializamos.<br \/>\nContamos con stock de partes y piezas de UPS de la marca DELTA em potencias de 6 y 10 KVA.<br \/>\nPara contratos de servicios, ALL IN, se cuenta con UPS de backups. <\/p>\n<\/div><\/div><\/div><\/div><\/div><div class=\"n2-ss-layer n2-ow n-uc-TpMr2pai1zlN\" data-pm=\"default\" data-sstype=\"col\"><div class=\"n2-ss-layer-col n2-ss-layer-with-background n2-ss-layer-content n-uc-TpMr2pai1zlN-inner\"><div class=\"n2-ss-layer n2-ow n-uc-Z6TEGOE8wivU\" data-pm=\"normal\" data-sstype=\"layer\"><div class=\" n2-ss-item-image-content n2-ss-item-content n2-ow-all\"><img decoding=\"async\" id=\"n2-ss-6item21\" alt=\"\" class=\"skip-lazy\" loading=\"lazy\" width=\"768\" height=\"576\" data-skip-lazy=\"1\" src=\"\/\/cmcasociados.pe\/wp-content\/uploads\/2022\/04\/SOPORTE-TECNICO.webp\" \/><\/div><\/div><\/div><\/div><\/div><\/div><\/div><\/div><\/div><\/div><\/div><\/div>                    <\/div>\n\n                                    <\/div>\n            <\/div>\n        <\/div>\n        <div class=\"n2-ss-slider-controls n2-ss-slider-controls-absolute-left-center\"><div style=\"--widget-offset:5px;\" class=\"n2-ss-widget nextend-arrow n2-ow-all nextend-arrow-previous  nextend-arrow-animated-fade\" data-hide-mobileportrait=\"1\" id=\"n2-ss-6-arrow-previous\" role=\"button\" aria-label=\"previous arrow\" tabindex=\"0\"><img decoding=\"async\" loading=\"lazy\" width=\"32\" height=\"32\" class=\"skip-lazy\" data-skip-lazy=\"1\" src=\"data:image\/svg+xml;base64,PHN2ZyB3aWR0aD0iMzIiIGhlaWdodD0iMzIiIHZpZXdCb3g9IjAgMCAzMiAzMiIgeG1sbnM9Imh0dHA6Ly93d3cudzMub3JnLzIwMDAvc3ZnIj4KICAgIDxwYXRoIGQ9Ik0xMS40MzMgMTUuOTkyTDIyLjY5IDUuNzEyYy4zOTMtLjM5LjM5My0xLjAzIDAtMS40Mi0uMzkzLS4zOS0xLjAzLS4zOS0xLjQyMyAwbC0xMS45OCAxMC45NGMtLjIxLjIxLS4zLjQ5LS4yODUuNzYtLjAxNS4yOC4wNzUuNTYuMjg0Ljc3bDExLjk4IDEwLjk0Yy4zOTMuMzkgMS4wMy4zOSAxLjQyNCAwIC4zOTMtLjQuMzkzLTEuMDMgMC0xLjQybC0xMS4yNTctMTAuMjkiCiAgICAgICAgICBmaWxsPSIjMDAwMDAwIiBvcGFjaXR5PSIxIiBmaWxsLXJ1bGU9ImV2ZW5vZGQiLz4KPC9zdmc+\" alt=\"previous arrow\"><\/div><\/div><div class=\"n2-ss-slider-controls n2-ss-slider-controls-absolute-right-center\"><div style=\"--widget-offset:5px;\" class=\"n2-ss-widget nextend-arrow n2-ow-all nextend-arrow-next  nextend-arrow-animated-fade\" data-hide-mobileportrait=\"1\" id=\"n2-ss-6-arrow-next\" role=\"button\" aria-label=\"next arrow\" tabindex=\"0\"><img decoding=\"async\" loading=\"lazy\" width=\"32\" height=\"32\" class=\"skip-lazy\" data-skip-lazy=\"1\" src=\"data:image\/svg+xml;base64,PHN2ZyB3aWR0aD0iMzIiIGhlaWdodD0iMzIiIHZpZXdCb3g9IjAgMCAzMiAzMiIgeG1sbnM9Imh0dHA6Ly93d3cudzMub3JnLzIwMDAvc3ZnIj4KICAgIDxwYXRoIGQ9Ik0xMC43MjIgNC4yOTNjLS4zOTQtLjM5LTEuMDMyLS4zOS0xLjQyNyAwLS4zOTMuMzktLjM5MyAxLjAzIDAgMS40MmwxMS4yODMgMTAuMjgtMTEuMjgzIDEwLjI5Yy0uMzkzLjM5LS4zOTMgMS4wMiAwIDEuNDIuMzk1LjM5IDEuMDMzLjM5IDEuNDI3IDBsMTIuMDA3LTEwLjk0Yy4yMS0uMjEuMy0uNDkuMjg0LS43Ny4wMTQtLjI3LS4wNzYtLjU1LS4yODYtLjc2TDEwLjcyIDQuMjkzeiIKICAgICAgICAgIGZpbGw9IiMwMDAwMDAiIG9wYWNpdHk9IjEiIGZpbGwtcnVsZT0iZXZlbm9kZCIvPgo8L3N2Zz4=\" alt=\"next arrow\"><\/div><\/div><div class=\"n2-ss-slider-controls n2-ss-slider-controls-absolute-center-bottom\"><div style=\"--widget-offset:10px;\" class=\"n2-ss-widget n2-ss-control-bullet n2-ow-all n2-ss-control-bullet-horizontal\" data-hide-mobileportrait=\"1\"><div class=\"n2-style-89e6829493f6425211df0e3f6998e151-simple  nextend-bullet-bar n2-bar-justify-content-center\"><div class=\"n2-bullet n2-style-73f72cf151051c61591c0734235f42f1-dot \" style=\"visibility:hidden;\"><\/div><\/div><\/div><\/div><\/div><\/div><ss3-loader><\/ss3-loader><\/div><\/div><div class=\"n2_clear\"><\/div><\/div>","protected":false},"excerpt":{"rendered":"","protected":false},"author":1,"featured_media":0,"parent":0,"menu_order":0,"comment_status":"closed","ping_status":"closed","template":"","meta":{"om_disable_all_campaigns":false,"_mi_skip_tracking":false,"_monsterinsights_sitenote_active":false,"_monsterinsights_sitenote_note":"","_monsterinsights_sitenote_category":0,"_kad_post_transparent":"","_kad_post_title":"","_kad_post_layout":"","_kad_post_sidebar_id":"","_kad_post_content_style":"","_kad_post_vertical_padding":"","_kad_post_feature":"","_kad_post_feature_position":"","_kad_post_header":false,"_kad_post_footer":false,"footnotes":""},"aioseo_notices":[],"_links":{"self":[{"href":"https:\/\/cmcasociados.pe\/index.php\/wp-json\/wp\/v2\/pages\/100"}],"collection":[{"href":"https:\/\/cmcasociados.pe\/index.php\/wp-json\/wp\/v2\/pages"}],"about":[{"href":"https:\/\/cmcasociados.pe\/index.php\/wp-json\/wp\/v2\/types\/page"}],"author":[{"embeddable":true,"href":"https:\/\/cmcasociados.pe\/index.php\/wp-json\/wp\/v2\/users\/1"}],"replies":[{"embeddable":true,"href":"https:\/\/cmcasociados.pe\/index.php\/wp-json\/wp\/v2\/comments?post=100"}],"version-history":[{"count":2,"href":"https:\/\/cmcasociados.pe\/index.php\/wp-json\/wp\/v2\/pages\/100\/revisions"}],"predecessor-version":[{"id":115,"href":"https:\/\/cmcasociados.pe\/index.php\/wp-json\/wp\/v2\/pages\/100\/revisions\/115"}],"wp:attachment":[{"href":"https:\/\/cmcasociados.pe\/index.php\/wp-json\/wp\/v2\/media?parent=100"}],"curies":[{"name":"wp","href":"https:\/\/api.w.org\/{rel}","templated":true}]}}