{"id":2,"date":"2022-04-11T03:57:12","date_gmt":"2022-04-11T08:57:12","guid":{"rendered":"https:\/\/cmcasociados.pe\/?page_id=2"},"modified":"2022-04-12T08:03:49","modified_gmt":"2022-04-12T13:03:49","slug":"inicio","status":"publish","type":"page","link":"https:\/\/cmcasociados.pe\/","title":{"rendered":"Inicio"},"content":{"rendered":"<div class=\"n2-section-smartslider fitvidsignore  n2_clear\" data-ssid=\"5\" tabindex=\"0\" role=\"region\" aria-label=\"Slider\"><div id=\"n2-ss-5-align\" class=\"n2-ss-align\"><div class=\"n2-padding\"><div id=\"n2-ss-5\" data-creator=\"Smart Slider 3\" data-responsive=\"fullwidth\" class=\"n2-ss-slider n2-ow n2-has-hover n2notransition  \">\n\n\n\n\n\n<div class=\"n2-ss-slider-wrapper-inside\">\n        <div class=\"n2-ss-slider-1 n2_ss__touch_element n2-ow\">\n            <div class=\"n2-ss-slider-2 n2-ow\">\n                                                <div class=\"n2-ss-slider-3 n2-ow\">\n\n                    <div class=\"n2-ss-slide-backgrounds n2-ow-all\"><div class=\"n2-ss-slide-background\" data-public-id=\"1\" data-mode=\"fill\"><div class=\"n2-ss-slide-background-image\" data-blur=\"0\" data-opacity=\"100\" data-x=\"50\" data-y=\"50\" data-alt=\"\" data-title=\"\"><picture class=\"skip-lazy\" data-skip-lazy=\"1\"><img decoding=\"async\" src=\"\/\/cmcasociados.pe\/wp-content\/uploads\/slider\/cache\/31a77e5427873b161d6c27499de66c70\/continuity-demo.jpg\" alt=\"\" title=\"\" loading=\"lazy\" class=\"skip-lazy\" data-skip-lazy=\"1\"><\/picture><\/div><div data-color=\"RGBA(255,255,255,0)\" style=\"background-color: RGBA(255,255,255,0);\" class=\"n2-ss-slide-background-color\"><\/div><\/div><div class=\"n2-ss-slide-background\" data-public-id=\"2\" data-mode=\"fill\"><div class=\"n2-ss-slide-background-image\" data-blur=\"0\" data-opacity=\"100\" data-x=\"50\" data-y=\"50\" data-alt=\"\" data-title=\"\"><picture class=\"skip-lazy\" data-skip-lazy=\"1\"><img decoding=\"async\" src=\"\/\/cmcasociados.pe\/wp-content\/uploads\/slider\/cache\/c36925dad59220a524c7adc87557a919\/113234396_f863bcc1-c0eb-4791-a2aa-768e1d52516c.jpg\" alt=\"\" title=\"\" loading=\"lazy\" class=\"skip-lazy\" data-skip-lazy=\"1\"><\/picture><\/div><div data-color=\"RGBA(255,255,255,0)\" style=\"background-color: RGBA(255,255,255,0);\" class=\"n2-ss-slide-background-color\"><\/div><\/div><div class=\"n2-ss-slide-background\" data-public-id=\"3\" data-mode=\"fill\"><div class=\"n2-ss-slide-background-image\" data-blur=\"0\" data-opacity=\"100\" data-x=\"50\" data-y=\"50\" data-alt=\"\" data-title=\"\"><picture class=\"skip-lazy\" data-skip-lazy=\"1\"><img decoding=\"async\" src=\"\/\/cmcasociados.pe\/wp-content\/uploads\/slider\/cache\/4625f11e8b10360ac1517bd8c3d8955e\/servicio-tecnico-informatico.jpg\" alt=\"\" title=\"\" loading=\"lazy\" class=\"skip-lazy\" data-skip-lazy=\"1\"><\/picture><\/div><div data-color=\"RGBA(255,255,255,0)\" style=\"background-color: RGBA(255,255,255,0);\" class=\"n2-ss-slide-background-color\"><\/div><\/div><\/div>                    <div class=\"n2-ss-slider-4 n2-ow\">\n                        <svg xmlns=\"http:\/\/www.w3.org\/2000\/svg\" viewBox=\"0 0 1200 400\" data-related-device=\"desktopPortrait\" class=\"n2-ow n2-ss-preserve-size n2-ss-preserve-size--slider n2-ss-slide-limiter\"><\/svg><div data-first=\"1\" data-slide-duration=\"0\" data-id=\"19\" data-slide-public-id=\"1\" data-title=\"Full 1\" class=\"n2-ss-slide n2-ow  n2-ss-slide-19\"><div role=\"note\" class=\"n2-ss-slide--focus\" tabindex=\"-1\">Full 1<\/div><div class=\"n2-ss-layers-container n2-ss-slide-limiter n2-ow\"><div class=\"n2-ss-layer n2-ow n-uc-u3BFiQUejiTU\" data-sstype=\"slide\" data-pm=\"default\"><div class=\"n2-ss-layer n2-ow n-uc-187d8f1049b03\" data-pm=\"default\" data-sstype=\"content\" data-hasbackground=\"0\"><div class=\"n2-ss-section-main-content n2-ss-layer-with-background n2-ss-layer-content n2-ow n-uc-187d8f1049b03-inner\"><div class=\"n2-ss-layer n2-ow n-uc-kYioCZs0uzPW\" data-pm=\"normal\" data-sstype=\"layer\"><div id=\"n2-ss-5item1\" class=\"n2-font-340a3c4e90c4c9a35ffd7ded739b3ab8-hover   n2-ss-item-content n2-ss-text n2-ow\" style=\"display:block;\">\u00abLa continuidad del negocio, no es un proceso tecnol\u00f3gico.. Es un proceso Organizacional\u00bb.<\/div><\/div><div class=\"n2-ss-layer n2-ow n-uc-tIGNamtRr8aM n2-ss-layer--auto\" data-pm=\"normal\" data-sstype=\"layer\"><div class=\"n2-ss-button-container n2-ss-item-content n2-ow n2-font-ff949eccbc43522e6b0bccedecefa3d9-link  n2-ss-nowrap n2-ss-button-container--non-full-width\"><a class=\"n2-style-5f23d634b8593098f9a9a9a790f5b3dd-heading  n2-ow \" onclick=\"return false;\" href=\"#\"><div><div>LEER MAS<\/div><\/div><\/a><\/div><\/div><\/div><\/div><\/div><\/div><img decoding=\"async\" loading=\"lazy\" class=\"n2-ss-slide-thumbnail skip-lazy\" data-skip-lazy=\"1\" src=\"https:\/\/cmcasociados.pe\/wp-content\/uploads\/slider\/cache\/ca8ca0110ccaffc93f9edbc956a84342\/f1.jpg\" alt=\"Full 1\"><\/div><div data-slide-duration=\"0\" data-id=\"20\" data-slide-public-id=\"2\" data-title=\"Full 2\" class=\"n2-ss-slide n2-ow  n2-ss-slide-20\"><div role=\"note\" class=\"n2-ss-slide--focus\" tabindex=\"-1\">Full 2<\/div><div class=\"n2-ss-layers-container n2-ss-slide-limiter n2-ow\"><div class=\"n2-ss-layer n2-ow n-uc-7g1bIB8V28sf\" data-sstype=\"slide\" data-pm=\"default\"><div class=\"n2-ss-layer n2-ow n-uc-1f4f8ad18c1a0\" data-pm=\"default\" data-sstype=\"content\" data-hasbackground=\"0\"><div class=\"n2-ss-section-main-content n2-ss-layer-with-background n2-ss-layer-content n2-ow n-uc-1f4f8ad18c1a0-inner\"><div class=\"n2-ss-layer n2-ow n-uc-D03vvwqTejiS\" data-pm=\"normal\" data-sstype=\"layer\"><div id=\"n2-ss-5item3\" class=\"n2-font-340a3c4e90c4c9a35ffd7ded739b3ab8-hover   n2-ss-item-content n2-ss-text n2-ow\" style=\"display:block;\">\u00abSi piensas que la tecnolog\u00eda por s\u00ed misma puede resolver tus problemas de seguridad, entonces no entiendes los problemas y no entiendes la tecnolog\u00eda\u00bb .<\/div><\/div><div class=\"n2-ss-layer n2-ow n-uc-9FOxQr3pAg1u n2-ss-layer--auto\" data-pm=\"normal\" data-sstype=\"layer\"><div class=\"n2-ss-button-container n2-ss-item-content n2-ow n2-font-ff949eccbc43522e6b0bccedecefa3d9-link  n2-ss-nowrap n2-ss-button-container--non-full-width\"><a class=\"n2-style-5f23d634b8593098f9a9a9a790f5b3dd-heading  n2-ow \" onclick=\"return false;\" href=\"#\"><div><div>LEER MAS<\/div><\/div><\/a><\/div><\/div><\/div><\/div><\/div><\/div><img decoding=\"async\" loading=\"lazy\" class=\"n2-ss-slide-thumbnail skip-lazy\" data-skip-lazy=\"1\" src=\"https:\/\/cmcasociados.pe\/wp-content\/uploads\/slider\/cache\/84776111e13ae434e021e7f7b62a207b\/f2.jpg\" alt=\"Full 2\"><\/div><div data-slide-duration=\"0\" data-id=\"21\" data-slide-public-id=\"3\" data-title=\"Full 3\" class=\"n2-ss-slide n2-ow  n2-ss-slide-21\"><div role=\"note\" class=\"n2-ss-slide--focus\" tabindex=\"-1\">Full 3<\/div><div class=\"n2-ss-layers-container n2-ss-slide-limiter n2-ow\"><div class=\"n2-ss-layer n2-ow n-uc-bEeEDuB4N3yV\" data-sstype=\"slide\" data-pm=\"default\"><div class=\"n2-ss-layer n2-ow n-uc-16424d978f4b9\" data-pm=\"default\" data-sstype=\"content\" data-hasbackground=\"0\"><div class=\"n2-ss-section-main-content n2-ss-layer-with-background n2-ss-layer-content n2-ow n-uc-16424d978f4b9-inner\"><div class=\"n2-ss-layer n2-ow n-uc-uxIBM9WIsxBS\" data-pm=\"normal\" data-sstype=\"layer\"><div id=\"n2-ss-5item5\" class=\"n2-font-340a3c4e90c4c9a35ffd7ded739b3ab8-hover   n2-ss-item-content n2-ss-text n2-ow\" style=\"display:block;\">Construimos, solucionamos, reparamos, dise\u00f1amos, capacitamos, acompa\u00f1amos, apoyamos, cumplimos.. Ud. nos motiva<\/div><\/div><div class=\"n2-ss-layer n2-ow n-uc-AyaTn6jrvB88 n2-ss-layer--auto\" data-pm=\"normal\" data-sstype=\"layer\"><div class=\"n2-ss-button-container n2-ss-item-content n2-ow n2-font-ff949eccbc43522e6b0bccedecefa3d9-link  n2-ss-nowrap n2-ss-button-container--non-full-width\"><a class=\"n2-style-5f23d634b8593098f9a9a9a790f5b3dd-heading  n2-ow \" onclick=\"return false;\" href=\"#\"><div><div>LEER MAS<\/div><\/div><\/a><\/div><\/div><\/div><\/div><\/div><\/div><img decoding=\"async\" loading=\"lazy\" class=\"n2-ss-slide-thumbnail skip-lazy\" data-skip-lazy=\"1\" src=\"https:\/\/cmcasociados.pe\/wp-content\/uploads\/slider\/cache\/8b6def37f73ec2bf954b792e1c17a497\/f3.jpg\" alt=\"Full 3\"><\/div>                    <\/div>\n\n                                    <\/div>\n            <\/div>\n        <\/div>\n        <div class=\"n2-ss-slider-controls n2-ss-slider-controls-absolute-left-center\"><div style=\"--widget-offset:5px;\" class=\"n2-ss-widget nextend-arrow n2-ow-all nextend-arrow-previous  nextend-arrow-animated-fade\" data-hide-mobileportrait=\"1\" id=\"n2-ss-5-arrow-previous\" role=\"button\" aria-label=\"previous arrow\" tabindex=\"0\"><img decoding=\"async\" loading=\"lazy\" width=\"32\" height=\"32\" class=\"skip-lazy\" data-skip-lazy=\"1\" src=\"data:image\/svg+xml;base64,PHN2ZyB3aWR0aD0iMzIiIGhlaWdodD0iMzIiIHZpZXdCb3g9IjAgMCAzMiAzMiIgeG1sbnM9Imh0dHA6Ly93d3cudzMub3JnLzIwMDAvc3ZnIj4KICAgIDxwYXRoIGQ9Ik0xMS40MzMgMTUuOTkyTDIyLjY5IDUuNzEyYy4zOTMtLjM5LjM5My0xLjAzIDAtMS40Mi0uMzkzLS4zOS0xLjAzLS4zOS0xLjQyMyAwbC0xMS45OCAxMC45NGMtLjIxLjIxLS4zLjQ5LS4yODUuNzYtLjAxNS4yOC4wNzUuNTYuMjg0Ljc3bDExLjk4IDEwLjk0Yy4zOTMuMzkgMS4wMy4zOSAxLjQyNCAwIC4zOTMtLjQuMzkzLTEuMDMgMC0xLjQybC0xMS4yNTctMTAuMjkiCiAgICAgICAgICBmaWxsPSIjZmZmZmZmIiBvcGFjaXR5PSIwLjgiIGZpbGwtcnVsZT0iZXZlbm9kZCIvPgo8L3N2Zz4=\" alt=\"previous arrow\"><\/div><\/div><div class=\"n2-ss-slider-controls n2-ss-slider-controls-absolute-right-center\"><div style=\"--widget-offset:5px;\" class=\"n2-ss-widget nextend-arrow n2-ow-all nextend-arrow-next  nextend-arrow-animated-fade\" data-hide-mobileportrait=\"1\" id=\"n2-ss-5-arrow-next\" role=\"button\" aria-label=\"next arrow\" tabindex=\"0\"><img decoding=\"async\" loading=\"lazy\" width=\"32\" height=\"32\" class=\"skip-lazy\" data-skip-lazy=\"1\" src=\"data:image\/svg+xml;base64,PHN2ZyB3aWR0aD0iMzIiIGhlaWdodD0iMzIiIHZpZXdCb3g9IjAgMCAzMiAzMiIgeG1sbnM9Imh0dHA6Ly93d3cudzMub3JnLzIwMDAvc3ZnIj4KICAgIDxwYXRoIGQ9Ik0xMC43MjIgNC4yOTNjLS4zOTQtLjM5LTEuMDMyLS4zOS0xLjQyNyAwLS4zOTMuMzktLjM5MyAxLjAzIDAgMS40MmwxMS4yODMgMTAuMjgtMTEuMjgzIDEwLjI5Yy0uMzkzLjM5LS4zOTMgMS4wMiAwIDEuNDIuMzk1LjM5IDEuMDMzLjM5IDEuNDI3IDBsMTIuMDA3LTEwLjk0Yy4yMS0uMjEuMy0uNDkuMjg0LS43Ny4wMTQtLjI3LS4wNzYtLjU1LS4yODYtLjc2TDEwLjcyIDQuMjkzeiIKICAgICAgICAgIGZpbGw9IiNmZmZmZmYiIG9wYWNpdHk9IjAuOCIgZmlsbC1ydWxlPSJldmVub2RkIi8+Cjwvc3ZnPg==\" alt=\"next arrow\"><\/div><\/div><div class=\"n2-ss-slider-controls n2-ss-slider-controls-absolute-center-bottom\"><div style=\"--widget-offset:5px;\" class=\"n2-ss-widget n2-ss-control-bullet n2-ow-all n2-ss-control-bullet-horizontal\"><div class=\" nextend-bullet-bar n2-bar-justify-content-center\"><div class=\"n2-bullet n2-style-4ef2b9ef3ac95757a797a679951a67a3-dot \" style=\"visibility:hidden;\"><\/div><\/div><\/div><\/div><\/div><\/div><ss3-loader><\/ss3-loader><\/div><\/div><div class=\"n2_clear\"><\/div><\/div>\n\n\n<p><strong>CMC<\/strong> es una empresa peruana dedicada a brindar soluciones integrales, basados en la eficacia y eficiencia, lo que nos permite una total satisfacci\u00f3n de nuestros clientes.<\/p>\n\n\n\n<p>Las operaciones de muchas empresas difieren mucho del campo inform\u00e1tico, infraestructura y el\u00e9ctrico, siendo estos campos algo desconocido y quiz\u00e1s atemorizante al buscar soluciones a sus problemas, siendo en muchos casos destinar presupuestos en recursos insuficientes y suplir parte de su problema, pero esto se volver\u00e1 un problema para el crecimiento de la empresa y su soporte se vuelva deficiente.<\/p>\n\n\n\n<p><\/p>\n","protected":false},"excerpt":{"rendered":"<p>CMC es una empresa peruana dedicada a brindar soluciones integrales, basados en la eficacia y eficiencia, lo que nos permite una total satisfacci\u00f3n de nuestros clientes. Las operaciones de muchas empresas difieren mucho del campo inform\u00e1tico, infraestructura y el\u00e9ctrico, siendo estos campos algo desconocido y quiz\u00e1s atemorizante al buscar soluciones a sus problemas, siendo en&#8230;<\/p>\n","protected":false},"author":1,"featured_media":0,"parent":0,"menu_order":0,"comment_status":"closed","ping_status":"closed","template":"","meta":{"om_disable_all_campaigns":false,"_mi_skip_tracking":false,"_monsterinsights_sitenote_active":false,"_monsterinsights_sitenote_note":"","_monsterinsights_sitenote_category":0,"_kad_post_transparent":"","_kad_post_title":"","_kad_post_layout":"","_kad_post_sidebar_id":"","_kad_post_content_style":"","_kad_post_vertical_padding":"","_kad_post_feature":"","_kad_post_feature_position":"","_kad_post_header":false,"_kad_post_footer":false,"footnotes":""},"aioseo_notices":[],"_links":{"self":[{"href":"https:\/\/cmcasociados.pe\/index.php\/wp-json\/wp\/v2\/pages\/2"}],"collection":[{"href":"https:\/\/cmcasociados.pe\/index.php\/wp-json\/wp\/v2\/pages"}],"about":[{"href":"https:\/\/cmcasociados.pe\/index.php\/wp-json\/wp\/v2\/types\/page"}],"author":[{"embeddable":true,"href":"https:\/\/cmcasociados.pe\/index.php\/wp-json\/wp\/v2\/users\/1"}],"replies":[{"embeddable":true,"href":"https:\/\/cmcasociados.pe\/index.php\/wp-json\/wp\/v2\/comments?post=2"}],"version-history":[{"count":9,"href":"https:\/\/cmcasociados.pe\/index.php\/wp-json\/wp\/v2\/pages\/2\/revisions"}],"predecessor-version":[{"id":97,"href":"https:\/\/cmcasociados.pe\/index.php\/wp-json\/wp\/v2\/pages\/2\/revisions\/97"}],"wp:attachment":[{"href":"https:\/\/cmcasociados.pe\/index.php\/wp-json\/wp\/v2\/media?parent=2"}],"curies":[{"name":"wp","href":"https:\/\/api.w.org\/{rel}","templated":true}]}}